{"id":156,"date":"2019-09-02T23:23:04","date_gmt":"2019-09-03T02:23:04","guid":{"rendered":"https:\/\/fisica.net\/blog\/?page_id=156"},"modified":"2019-09-02T23:23:04","modified_gmt":"2019-09-03T02:23:04","slug":"inicio","status":"publish","type":"page","link":"https:\/\/fisica.net\/blog\/","title":{"rendered":"In\u00edcio"},"content":{"rendered":"<div class=\"wp-block-columns has-3-columns is-services is-layout-flex wp-container-core-columns-layout-1 wp-block-columns-is-layout-flex\"><div class=\"wp-block-column is-layout-flow wp-block-column-is-layout-flow\"><figure class=\"wp-block-image\"><img decoding=\"async\" alt=\"\" src=\"https:\/\/fisica.net\/blog\/wp-content\/uploads\/2019\/08\/home-1.jpg\"><\/figure><h3 class=\"wp-block-heading\"><a href=\"#\">Produto\/Servi\u00e7o no 1<\/a><\/h3><p>Qualquer que seja o produto ou servi\u00e7o mais popular da sua empresa, ele deve vir aqui, seja salsicha, bon\u00e9s ou remo\u00e7\u00e3o de morcegos-vampiros.<\/p><p><a href=\"#\">Saiba mais<\/a><\/p><\/div><div class=\"wp-block-column is-layout-flow wp-block-column-is-layout-flow\"><figure class=\"wp-block-image\"><img decoding=\"async\" alt=\"\" src=\"https:\/\/fisica.net\/blog\/wp-content\/uploads\/2019\/08\/home-2.jpg\"><\/figure><h3 class=\"wp-block-heading\"><a href=\"#\">Produto\/Servi\u00e7o no 2<\/a><\/h3><p>Qual outro item popular voc\u00ea tem para vender ou negociar? Fale sobre ele aqui usando palavras atraentes e memor\u00e1veis, para que os visitantes do site tenham que adquiri-lo.<\/p><p><a href=\"#\">Saiba mais<\/a><\/p><\/div><div class=\"wp-block-column is-layout-flow wp-block-column-is-layout-flow\"><figure class=\"wp-block-image\"><img decoding=\"async\" alt=\"\" src=\"https:\/\/fisica.net\/blog\/wp-content\/uploads\/2019\/08\/home-2.jpg\"><\/figure><h3 class=\"wp-block-heading\"><a href=\"#\">Produto\/Servi\u00e7o no 3<\/a><\/h3><p>N\u00e3o pense nesse produto ou servi\u00e7o como seu terceiro favorito, mas como o medalhista de bronze em uma competi\u00e7\u00e3o por medalhas ol\u00edmpicas de \u00f3timos produtos\/servi\u00e7os.<\/p><p><a href=\"#\">Saiba mais<\/a><\/p><\/div><\/div><div class=\"wp-block-columns has-2-columns is-main-message is-layout-flex wp-container-core-columns-layout-2 wp-block-columns-is-layout-flex\"><div class=\"wp-block-column is-layout-flow wp-block-column-is-layout-flow\"><h3 class=\"wp-block-heading\">Sua principal mensagem<\/h3><p>Use este espa\u00e7o para contar \u00e0s pessoas o que sua empresa faz e como. Pelo que voc\u00ea \u00e9 conhecido? Quem gosta de voc\u00ea? Qual \u00e9 sua principal vantagem competitiva?<\/p><p>Inclua tudo o que torna seu neg\u00f3cio \u00fanico e melhor que a concorr\u00eancia. Voc\u00ea tem um processo patenteado de 13 etapas para taxidermia que resulta em corujas de pel\u00facia que parecem reais? Voc\u00ea precisa mencionar isso.<\/p><p>Outras boas formas de elaborar essa c\u00f3pia incluem: pr\u00eamios recebidos, distin\u00e7\u00f5es concedidas, n\u00famero de produtos vendidos, filosofia da empresa (seja breve), breves hist\u00f3rias interessantes sobre a empresa e qualquer outra coisa que fa\u00e7a com que o leitor acredite que voc\u00ea seja incr\u00edvel.<\/p><\/div><div class=\"wp-block-column is-layout-flow wp-block-column-is-layout-flow\"><div class=\"wp-block-image\"><figure class=\"aligncenter\"><img decoding=\"async\" alt=\"\" src=\"https:\/\/fisica.net\/blog\/wp-content\/uploads\/2019\/08\/home-4.jpg\"><\/figure><\/div><\/div><\/div><div class=\"wp-block-spacer\" style=\"height:27px\" aria-hidden=\"true\"><\/div><h3 class=\"wp-block-heading\">Pr\u00f3ximas etapas&#8230;<\/h3><div class=\"wp-block-coblocks-row coblocks-row-77123959945\" data-columns=\"2\" data-layout=\"66-33\"><div class=\"wp-block-coblocks-row__inner has-medium-gutter has-no-padding has-no-margin is-stacked-on-mobile\"><div class=\"wp-block-coblocks-column coblocks-column-771240515\" style=\"width:66%\"><div class=\"wp-block-coblocks-column__inner has-no-padding has-no-margin\"><p>A principal chamada \u00e0 a\u00e7\u00e3o de um poss\u00edvel cliente, como solicitar uma cota\u00e7\u00e3o ou pesquisar no seu cat\u00e1logo de produtos.<\/p><\/div><\/div><div class=\"wp-block-coblocks-column coblocks-column-771240519\" style=\"width:33%\"><div class=\"wp-block-coblocks-column__inner has-no-padding has-no-margin\"><div class=\"wp-block-button aligncenter\"><a href=\"\/entre-em-contato\/\" class=\"wp-block-button__link\">Chamada \u00e0 a\u00e7\u00e3o<\/a><\/div><\/div><\/div><\/div><\/div>","protected":false},"excerpt":{"rendered":"<p>Produto\/Servi\u00e7o no 1 Qualquer que seja o produto ou servi\u00e7o mais popular da sua empresa, ele deve vir aqui, seja salsicha, bon\u00e9s ou remo\u00e7\u00e3o de morcegos-vampiros. Saiba mais Produto\/Servi\u00e7o no 2 Qual outro item popular voc\u00ea tem para vender ou negociar? Fale<\/p>\n<p class=\"link-more\"><a class=\"myButt three\" href=\"https:\/\/fisica.net\/blog\/\">Read More<\/a><\/p>\n","protected":false},"author":1,"featured_media":0,"parent":0,"menu_order":0,"comment_status":"closed","ping_status":"closed","template":"","meta":{"_coblocks_attr":"","_coblocks_dimensions":"","_coblocks_responsive_height":"","_coblocks_accordion_ie_support":"","footnotes":""},"_links":{"self":[{"href":"https:\/\/fisica.net\/blog\/wp-json\/wp\/v2\/pages\/156"}],"collection":[{"href":"https:\/\/fisica.net\/blog\/wp-json\/wp\/v2\/pages"}],"about":[{"href":"https:\/\/fisica.net\/blog\/wp-json\/wp\/v2\/types\/page"}],"author":[{"embeddable":true,"href":"https:\/\/fisica.net\/blog\/wp-json\/wp\/v2\/users\/1"}],"replies":[{"embeddable":true,"href":"https:\/\/fisica.net\/blog\/wp-json\/wp\/v2\/comments?post=156"}],"version-history":[{"count":2,"href":"https:\/\/fisica.net\/blog\/wp-json\/wp\/v2\/pages\/156\/revisions"}],"predecessor-version":[{"id":344,"href":"https:\/\/fisica.net\/blog\/wp-json\/wp\/v2\/pages\/156\/revisions\/344"}],"wp:attachment":[{"href":"https:\/\/fisica.net\/blog\/wp-json\/wp\/v2\/media?parent=156"}],"curies":[{"name":"wp","href":"https:\/\/api.w.org\/{rel}","templated":true}]}}