{"id":158,"date":"2019-09-02T23:23:04","date_gmt":"2019-09-03T02:23:04","guid":{"rendered":"https:\/\/fisica.net\/blog\/?page_id=158"},"modified":"2019-09-02T23:23:04","modified_gmt":"2019-09-03T02:23:04","slug":"servicos","status":"publish","type":"page","link":"https:\/\/fisica.net\/blog\/servicos\/","title":{"rendered":"Servi\u00e7os"},"content":{"rendered":"<div class=\"wp-block-spacer\" style=\"height:20px\" aria-hidden=\"true\"><\/div><div class=\"coblocks-features-5514305838 mt-0 wp-block-coblocks-features\" data-columns=\"3\"><div class=\"has-no-padding has-center-content has-large-gutter has-no-margin wp-block-coblocks-features__inner\"><div class=\"wp-block-coblocks-feature coblocks-feature-55143058102\"><div class=\"has-no-padding wp-block-coblocks-feature__inner\"><div class=\"wp-block-coblocks-icon\">\n\t\t\t\t<div class=\"wp-block-coblocks-icon__inner has-secondary-background-color has-background has-text-color has-quinary-color\" style=\"border-radius: 200px; height: 120px; padding: 30px; width: 120px;\">\n\t\t\t\t\t<svg fill=\"none\" viewBox=\"0 0 20 20\" xmlns=\"http:\/\/www.w3.org\/2000\/svg\"><path d=\"m12.25.26-.08-.04-.01.02c-.7-.15-1.42-.24-2.16-.24-5.52 0-10 4.48-10 10s4.48 10 10 10 10-4.48 10-10c0-4.75-3.31-8.72-7.75-9.74zm5.16 6.74h-7.99l2.71-4.7c2.4.66 4.35 2.42 5.28 4.7zm-6.31-4.92-2.83 4.92-1.15 2-2.72-4.7c1.44-1.42 3.42-2.3 5.6-2.3.37 0 .74.03 1.1.08zm-7.4 3.01 2.84 4.91 1.15 2h-5.43c-.16-.64-.26-1.31-.26-2 0-1.85.64-3.55 1.7-4.91zm-1.11 7.91h7.98l-2.71 4.7c-2.4-.67-4.34-2.42-5.27-4.7zm6.31 4.91 3.99-6.91 2.72 4.7c-1.45 1.42-3.43 2.3-5.61 2.3-.38 0-.74-.04-1.1-.09zm7.4-3-4-6.91h5.43c.17.64.27 1.31.27 2 0 1.85-.64 3.55-1.7 4.91z\" fill=\"currentColor\" \/><\/svg>\n\t\t\t\t<\/div>\n\t\t\t<\/div><h4 class=\"wp-block-heading\">Produto\/Servi\u00e7o no 1<\/h4><p>Qualquer que seja o produto ou servi\u00e7o mais popular da sua empresa, ele deve vir aqui, seja salsicha, bon\u00e9s ou remo\u00e7\u00e3o de morcegos-vampiros.<\/p><\/div><\/div><div class=\"wp-block-coblocks-feature coblocks-feature-55143058114\"><div class=\"has-no-padding wp-block-coblocks-feature__inner\"><div class=\"wp-block-coblocks-icon\">\n\t\t\t\t<div class=\"wp-block-coblocks-icon__inner has-secondary-background-color has-background has-text-color has-quinary-color\" style=\"border-radius: 200px; height: 120px; padding: 30px; width: 120px;\">\n\t\t\t\t\t<svg fill=\"none\" viewBox=\"0 0 20 20\" xmlns=\"http:\/\/www.w3.org\/2000\/svg\"><path d=\"m17.7777778 0h-15.55555558c-1.22222222 0-2.22222222 1-2.22222222 2.22222222v15.55555558c0 1.2222222 1 2.2222222 2.22222222 2.2222222h15.55555558c1.2222222 0 2.2222222-1 2.2222222-2.2222222v-15.55555558c0-1.22222222-1-2.22222222-2.2222222-2.22222222zm0 17.7777778h-15.55555558v-15.55555558h15.55555558zm-13.33333336-10.00000002h2.22222223v7.77777782h-2.22222223zm4.44444445-3.33333334h2.22222221v11.11111116h-2.22222221zm4.44444441 6.66666666h2.2222223v4.4444445h-2.2222223z\" fill=\"currentColor\" \/><\/svg>\n\t\t\t\t<\/div>\n\t\t\t<\/div><h4 class=\"wp-block-heading\">Produto\/Servi\u00e7o no 2<\/h4><p>Qual outro item popular voc\u00ea tem para vender ou negociar? Fale sobre ele aqui usando palavras atraentes e memor\u00e1veis, para que os visitantes do site tenham que adquiri-lo.<\/p><\/div><\/div><div class=\"wp-block-coblocks-feature coblocks-feature-5514310463\"><div class=\"has-no-padding wp-block-coblocks-feature__inner\"><div class=\"wp-block-coblocks-icon\">\n\t\t\t\t<div class=\"wp-block-coblocks-icon__inner has-secondary-background-color has-background has-text-color has-quinary-color\" style=\"border-radius: 200px; height: 120px; padding: 30px; width: 120px;\">\n\t\t\t\t\t<svg fill=\"none\" viewBox=\"1 0.05 20 20\" xmlns=\"http:\/\/www.w3.org\/2000\/svg\"><path d=\"m.99267578 6.72328559v6.66666671h4.44444445l5.55555557 5.5555555v-17.77777777l-5.55555557 5.55555556zm7.77777778-.18888889v7.0444444l-2.41111111-2.4111111h-3.14444445v-2.22222219h3.14444445zm7.22222224 3.5222222c0-1.96666664-1.1333334-3.65555553-2.7777778-4.47777775v8.94444445c1.6444444-.8111111 2.7777778-2.5 2.7777778-4.4666667zm-2.7777778-9.74444442v2.28888889c3.2111111.95555555 5.5555556 3.93333333 5.5555556 7.45555553s-2.3444445 6.5-5.5555556 7.4555556v2.2888889c4.4555556-1.0111111 7.7777778-4.9888889 7.7777778-9.7444445 0-4.75555553-3.3222222-8.73333331-7.7777778-9.74444442z\" fill=\"currentColor\" \/><\/svg>\n\t\t\t\t<\/div>\n\t\t\t<\/div><h4 class=\"wp-block-heading\">Produto\/Servi\u00e7o no 3<\/h4><p>N\u00e3o pense nesse produto ou servi\u00e7o como seu terceiro favorito, mas como o medalhista de bronze em uma competi\u00e7\u00e3o por medalhas ol\u00edmpicas de \u00f3timos produtos\/servi\u00e7os.<\/p><\/div><\/div><\/div><\/div><div class=\"wp-block-spacer\" style=\"height:100px\" aria-hidden=\"true\"><\/div><div class=\"alignwide is-stacked-on-mobile wp-block-media-text\" style=\"grid-template-columns:45% auto\"><figure class=\"wp-block-media-text__media\"><img decoding=\"async\" alt=\"\" src=\"https:\/\/fisica.net\/blog\/wp-content\/uploads\/2019\/08\/services-1.jpg\"><\/figure><div class=\"wp-block-media-text__content\"><h3 class=\"wp-block-heading\">Fale mais sobre seus produtos aqui.<\/h3><p>Conte aos poss\u00edveis clientes mais sobre sua empresa e os servi\u00e7os que voc\u00ea oferece aqui. \u00a0Substitua esta imagem por uma mais adequada aos seu neg\u00f3cio.<\/p><\/div><\/div><div class=\"wp-block-spacer\" style=\"height:43px\" aria-hidden=\"true\"><\/div><div class=\"alignwide is-stacked-on-mobile wp-block-media-text has-media-on-the-right\" style=\"grid-template-columns:auto 43%\"><figure class=\"wp-block-media-text__media\"><img decoding=\"async\" alt=\"\" src=\"https:\/\/fisica.net\/blog\/wp-content\/uploads\/2019\/08\/services-2.jpg\"><\/figure><div class=\"wp-block-media-text__content\"><h3 class=\"wp-block-heading\">Fale mais sobre seus produtos aqui.<\/h3><p>Conte aos poss\u00edveis clientes mais sobre sua empresa e os servi\u00e7os que voc\u00ea oferece aqui. \u00a0Substitua esta imagem por uma mais adequada aos seu neg\u00f3cio.<\/p><\/div><\/div><div class=\"wp-block-spacer\" style=\"height:27px\" aria-hidden=\"true\"><\/div><h3 class=\"wp-block-heading\">Pr\u00f3ximas etapas&#8230;<\/h3><div class=\"wp-block-coblocks-row coblocks-row-77123959945\" data-columns=\"2\" data-layout=\"66-33\"><div class=\"wp-block-coblocks-row__inner has-medium-gutter has-no-padding has-no-margin is-stacked-on-mobile\"><div class=\"wp-block-coblocks-column coblocks-column-771240515\" style=\"width:66%\"><div class=\"wp-block-coblocks-column__inner has-no-padding has-no-margin\"><p>A principal chamada \u00e0 a\u00e7\u00e3o de um poss\u00edvel cliente, como solicitar uma cota\u00e7\u00e3o ou pesquisar no seu cat\u00e1logo de produtos.<\/p><\/div><\/div><div class=\"wp-block-coblocks-column coblocks-column-771240519\" style=\"width:33%\"><div class=\"wp-block-coblocks-column__inner has-no-padding has-no-margin\"><div class=\"wp-block-button aligncenter\"><a href=\"\/entre-em-contato\/\" class=\"wp-block-button__link\">Chamada \u00e0 a\u00e7\u00e3o<\/a><\/div><\/div><\/div><\/div><\/div>","protected":false},"excerpt":{"rendered":"<p>Fale mais sobre seus produtos aqui. Conte aos poss\u00edveis clientes mais sobre sua empresa e os servi\u00e7os que voc\u00ea oferece aqui. \u00a0Substitua esta imagem por uma mais adequada aos seu neg\u00f3cio. Fale mais sobre seus produtos aqui. Conte aos poss\u00edveis clientes mais<\/p>\n<p class=\"link-more\"><a class=\"myButt three\" href=\"https:\/\/fisica.net\/blog\/servicos\/\">Read More<\/a><\/p>\n","protected":false},"author":1,"featured_media":0,"parent":0,"menu_order":0,"comment_status":"closed","ping_status":"closed","template":"","meta":{"_coblocks_attr":"","_coblocks_dimensions":"","_coblocks_responsive_height":"","_coblocks_accordion_ie_support":"","footnotes":""},"_links":{"self":[{"href":"https:\/\/fisica.net\/blog\/wp-json\/wp\/v2\/pages\/158"}],"collection":[{"href":"https:\/\/fisica.net\/blog\/wp-json\/wp\/v2\/pages"}],"about":[{"href":"https:\/\/fisica.net\/blog\/wp-json\/wp\/v2\/types\/page"}],"author":[{"embeddable":true,"href":"https:\/\/fisica.net\/blog\/wp-json\/wp\/v2\/users\/1"}],"replies":[{"embeddable":true,"href":"https:\/\/fisica.net\/blog\/wp-json\/wp\/v2\/comments?post=158"}],"version-history":[{"count":1,"href":"https:\/\/fisica.net\/blog\/wp-json\/wp\/v2\/pages\/158\/revisions"}],"predecessor-version":[{"id":322,"href":"https:\/\/fisica.net\/blog\/wp-json\/wp\/v2\/pages\/158\/revisions\/322"}],"wp:attachment":[{"href":"https:\/\/fisica.net\/blog\/wp-json\/wp\/v2\/media?parent=158"}],"curies":[{"name":"wp","href":"https:\/\/api.w.org\/{rel}","templated":true}]}}