{"id":160,"date":"2019-09-02T23:23:04","date_gmt":"2019-09-03T02:23:04","guid":{"rendered":"https:\/\/fisica.net\/blog\/?page_id=160"},"modified":"2019-09-02T23:23:04","modified_gmt":"2019-09-03T02:23:04","slug":"portfolio","status":"publish","type":"page","link":"https:\/\/fisica.net\/blog\/portfolio\/","title":{"rendered":"Portf\u00f3lio"},"content":{"rendered":"<div class=\"coblocks-row-55144348395 wp-block-coblocks-row\" data-columns=\"2\" data-layout=\"66-33\"><div class=\"has-no-margin has-no-padding has-medium-gutter is-stacked-on-mobile wp-block-coblocks-row__inner\"><div class=\"wp-block-coblocks-column coblocks-column-55144357517\" style=\"width:66%\"><div class=\"has-no-margin has-no-padding wp-block-coblocks-column__inner\"><div class=\"wp-block-coblocks-gallery-carousel\"><div class=\"is-cropped coblocks-gallery has-no-alignment has-caption-style-dark\"><div class=\"has-carousel has-carousel-xlrg\" style=\"height:400px\" data-flickity=\"{&quot;autoPlay&quot;:false,&quot;draggable&quot;:true,&quot;pageDots&quot;:false,&quot;prevNextButtons&quot;:true,&quot;wrapAround&quot;:true,&quot;arrowShape&quot;:{&quot;x0&quot;:10,&quot;x1&quot;:60,&quot;y1&quot;:50,&quot;x2&quot;:65,&quot;y2&quot;:45,&quot;x3&quot;:20}}\"><div class=\"coblocks-gallery--item\"><figure class=\"coblocks-gallery--figure\"><img decoding=\"async\" src=\"https:\/\/fisica.net\/blog\/wp-content\/uploads\/2019\/08\/portfolio-1a.jpg\" alt=\"\" data-link=\"https:\/\/fisica.net\/blog\/?attachment_id=138\"><\/figure><\/div><div class=\"coblocks-gallery--item\"><figure class=\"coblocks-gallery--figure\"><img decoding=\"async\" src=\"https:\/\/fisica.net\/blog\/wp-content\/uploads\/2019\/08\/portfolio-1b.jpg\" alt=\"\" data-link=\"https:\/\/fisica.net\/blog\/?attachment_id=139\"><\/figure><\/div><div class=\"coblocks-gallery--item\"><figure class=\"coblocks-gallery--figure\"><img decoding=\"async\" src=\"https:\/\/fisica.net\/blog\/wp-content\/uploads\/2019\/08\/portfolio-1c.jpg\" alt=\"\" data-link=\"https:\/\/fisica.net\/blog\/?attachment_id=140\"><\/figure><\/div><\/div><\/div><\/div><\/div><\/div><div class=\"wp-block-coblocks-column coblocks-column-55144357520\" style=\"width:33%\"><div class=\"has-no-margin has-no-padding wp-block-coblocks-column__inner\"><h4 class=\"wp-block-heading\">Categorias de produtos\/servi\u00e7os<\/h4><h2 class=\"wp-block-heading\">Nome do projeto<\/h2><p>Fale sobre esse item do portf\u00f3lio. Para quem voc\u00ea o criou e por que, al\u00e9m dos resultados (poss\u00edveis clientes adoram ouvir sobre resultados reais). Discuta todos os aspectos exclusivos do projeto. Ele foi realizado com um prazo imposs\u00edvel? E mostre como seu neg\u00f3cio foi al\u00e9m e fez o imposs\u00edvel acontecer.<\/p><\/div><\/div><\/div><\/div><div class=\"wp-block-spacer\" style=\"height:100px\" aria-hidden=\"true\"><\/div><div class=\"coblocks-row-55144348395 wp-block-coblocks-row\" data-columns=\"2\" data-layout=\"66-33\"><div class=\"has-no-margin has-no-padding has-medium-gutter is-stacked-on-mobile wp-block-coblocks-row__inner\"><div class=\"wp-block-coblocks-column coblocks-column-55144357517\" style=\"width:66%\"><div class=\"has-no-margin has-no-padding wp-block-coblocks-column__inner\"><div class=\"wp-block-coblocks-gallery-carousel\"><div class=\"is-cropped coblocks-gallery has-no-alignment has-caption-style-dark\"><div class=\"has-carousel has-carousel-xlrg\" style=\"height:400px\" data-flickity=\"{&quot;autoPlay&quot;:false,&quot;draggable&quot;:true,&quot;pageDots&quot;:false,&quot;prevNextButtons&quot;:true,&quot;wrapAround&quot;:true,&quot;arrowShape&quot;:{&quot;x0&quot;:10,&quot;x1&quot;:60,&quot;y1&quot;:50,&quot;x2&quot;:65,&quot;y2&quot;:45,&quot;x3&quot;:20}}\"><div class=\"coblocks-gallery--item\"><figure class=\"coblocks-gallery--figure\"><img decoding=\"async\" src=\"https:\/\/fisica.net\/blog\/wp-content\/uploads\/2019\/08\/portfolio-2a.jpg\" alt=\"\" data-link=\"https:\/\/fisica.net\/blog\/?attachment_id=143\"><\/figure><\/div><div class=\"coblocks-gallery--item\"><figure class=\"coblocks-gallery--figure\"><img decoding=\"async\" src=\"https:\/\/fisica.net\/blog\/wp-content\/uploads\/2019\/08\/portfolio-2b.jpg\" alt=\"\" data-link=\"https:\/\/fisica.net\/blog\/?attachment_id=144\"><\/figure><\/div><div class=\"coblocks-gallery--item\"><figure class=\"coblocks-gallery--figure\"><img decoding=\"async\" src=\"https:\/\/fisica.net\/blog\/wp-content\/uploads\/2019\/08\/portfolio-2c.jpg\" alt=\"\" data-link=\"https:\/\/fisica.net\/blog\/?attachment_id=145\"><\/figure><\/div><div class=\"coblocks-gallery--item\"><figure class=\"coblocks-gallery--figure\"><img decoding=\"async\" src=\"https:\/\/fisica.net\/blog\/wp-content\/uploads\/2019\/08\/portfolio-2d.jpg\" alt=\"\" data-link=\"https:\/\/fisica.net\/blog\/?attachment_id=146\"><\/figure><\/div><\/div><\/div><\/div><\/div><\/div><div class=\"wp-block-coblocks-column coblocks-column-55144357520\" style=\"width:33%\"><div class=\"has-no-margin has-no-padding wp-block-coblocks-column__inner\"><h4 class=\"wp-block-heading\">Categorias de produtos\/servi\u00e7os<\/h4><h2 class=\"wp-block-heading\">Nome do projeto<\/h2><p>Fale sobre esse item do portf\u00f3lio. Para quem voc\u00ea o criou e por que, al\u00e9m dos resultados (poss\u00edveis clientes adoram ouvir sobre resultados reais). Discuta todos os aspectos exclusivos do projeto. Ele foi realizado com um prazo imposs\u00edvel? E mostre como seu neg\u00f3cio foi al\u00e9m e fez o imposs\u00edvel acontecer.<\/p><\/div><\/div><\/div><\/div>","protected":false},"excerpt":{"rendered":"","protected":false},"author":1,"featured_media":0,"parent":0,"menu_order":0,"comment_status":"closed","ping_status":"closed","template":"","meta":{"_coblocks_attr":"","_coblocks_dimensions":"","_coblocks_responsive_height":"","_coblocks_accordion_ie_support":"","footnotes":""},"_links":{"self":[{"href":"https:\/\/fisica.net\/blog\/wp-json\/wp\/v2\/pages\/160"}],"collection":[{"href":"https:\/\/fisica.net\/blog\/wp-json\/wp\/v2\/pages"}],"about":[{"href":"https:\/\/fisica.net\/blog\/wp-json\/wp\/v2\/types\/page"}],"author":[{"embeddable":true,"href":"https:\/\/fisica.net\/blog\/wp-json\/wp\/v2\/users\/1"}],"replies":[{"embeddable":true,"href":"https:\/\/fisica.net\/blog\/wp-json\/wp\/v2\/comments?post=160"}],"version-history":[{"count":1,"href":"https:\/\/fisica.net\/blog\/wp-json\/wp\/v2\/pages\/160\/revisions"}],"predecessor-version":[{"id":323,"href":"https:\/\/fisica.net\/blog\/wp-json\/wp\/v2\/pages\/160\/revisions\/323"}],"wp:attachment":[{"href":"https:\/\/fisica.net\/blog\/wp-json\/wp\/v2\/media?parent=160"}],"curies":[{"name":"wp","href":"https:\/\/api.w.org\/{rel}","templated":true}]}}