{"id":2,"date":"2019-09-02T23:23:04","date_gmt":"2019-09-03T02:23:04","guid":{"rendered":"https:\/\/fisica.net\/blog\/?page_id=2"},"modified":"2020-03-23T22:10:19","modified_gmt":"2020-03-24T01:10:19","slug":"sobre-mim","status":"publish","type":"page","link":"https:\/\/fisica.net\/blog\/sobre-mim\/","title":{"rendered":"Sobre mim"},"content":{"rendered":"\n<div class=\"wp-block-coblocks-row coblocks-row-55141317562\" data-columns=\"2\" data-layout=\"66-33\"><div class=\"wp-block-coblocks-row__inner has-medium-gutter has-no-padding has-no-margin is-stacked-on-mobile\">\n<div class=\"wp-block-coblocks-column coblocks-column-55141320246\" style=\"width:60.00%\"><div class=\"wp-block-coblocks-column__inner has-no-padding has-no-margin\">\n<figure class=\"wp-block-gallery columns-1 is-cropped wp-block-gallery-1 is-layout-flex wp-block-gallery-is-layout-flex\"><ul class=\"blocks-gallery-grid\"><li class=\"blocks-gallery-item\"><figure><img loading=\"lazy\" decoding=\"async\" width=\"500\" height=\"500\" src=\"https:\/\/fisica.net\/blog\/wp-content\/uploads\/2020\/03\/alberto.jpg\" alt=\"Alberto\" data-id=\"339\" data-full-url=\"https:\/\/fisica.net\/blog\/wp-content\/uploads\/2020\/03\/alberto.jpg\" data-link=\"https:\/\/fisica.net\/blog\/sobre-mim\/alberto\/\" class=\"wp-image-339\" srcset=\"https:\/\/fisica.net\/blog\/wp-content\/uploads\/2020\/03\/alberto.jpg 500w, https:\/\/fisica.net\/blog\/wp-content\/uploads\/2020\/03\/alberto-300x300.jpg 300w, https:\/\/fisica.net\/blog\/wp-content\/uploads\/2020\/03\/alberto-150x150.jpg 150w\" sizes=\"(max-width: 500px) 100vw, 500px\" \/><\/figure><\/li><\/ul><\/figure>\n<\/div><\/div>\n\n\n\n<div class=\"wp-block-coblocks-column coblocks-column-55141320249\" style=\"width:39.00%\"><div class=\"wp-block-coblocks-column__inner has-no-padding has-no-margin\">\n<h3 class=\"wp-block-heading\">Minha vis\u00e3o<\/h3>\n\n\n\n<p>\u201cA experi\u00eancia mais bonita que podemos ter \u00e9 o mist\u00e9rio. \u00c9 a emo\u00e7\u00e3o fundamental que est\u00e1 no ber\u00e7o da verdadeira arte e da verdadeira ci\u00eancia. Quem n\u00e3o sabe disso e n\u00e3o consegue mais se maravilhar poderia t\u00e3o bem estar morto\u201d. (\u201cO mundo como eu vejo\u201d, de 1930)<\/p>\n\n\n\n<h3 class=\"wp-block-heading\">Minha hist\u00f3ria<\/h3>\n\n\n\n<p>Trabalho com computadores desde 1984, quando eu tinha 14 anos, e com F\u00edsica e Astronomia desde 1989. Tenho gradua\u00e7\u00e3o em F\u00edsica, especializa\u00e7\u00e3o em Energia Nuclear\/Radia\u00e7\u00f5es e mestrado em F\u00edsica. Ensinei F\u00edsica para o ensino m\u00e9dio por mais de  20 anos. Fui diretor de tecnologia de uma grande rede de escolas e cursos por 17 anos. Desde 1987 escrevo o site www.fisica.net .<\/p>\n<\/div><\/div>\n<\/div><\/div>\n\n\n\n<div class=\"wp-block-coblocks-row coblocks-row-77123959945\" data-columns=\"2\" data-layout=\"66-33\"><div class=\"wp-block-coblocks-row__inner has-medium-gutter has-no-padding has-no-margin is-stacked-on-mobile\">\n<div class=\"wp-block-coblocks-column coblocks-column-771240515\" style=\"width:66%\"><div class=\"wp-block-coblocks-column__inner has-no-padding has-no-margin\"><\/div><\/div>\n\n\n\n<div class=\"wp-block-coblocks-column coblocks-column-771240519\" style=\"width:33%\"><div class=\"wp-block-coblocks-column__inner has-no-padding has-no-margin\"><\/div><\/div>\n<\/div><\/div>\n\n\n\n<p><\/p>\n","protected":false},"excerpt":{"rendered":"","protected":false},"author":1,"featured_media":0,"parent":0,"menu_order":0,"comment_status":"closed","ping_status":"closed","template":"","meta":{"_coblocks_attr":"","_coblocks_dimensions":"","_coblocks_responsive_height":"","_coblocks_accordion_ie_support":"","footnotes":""},"_links":{"self":[{"href":"https:\/\/fisica.net\/blog\/wp-json\/wp\/v2\/pages\/2"}],"collection":[{"href":"https:\/\/fisica.net\/blog\/wp-json\/wp\/v2\/pages"}],"about":[{"href":"https:\/\/fisica.net\/blog\/wp-json\/wp\/v2\/types\/page"}],"author":[{"embeddable":true,"href":"https:\/\/fisica.net\/blog\/wp-json\/wp\/v2\/users\/1"}],"replies":[{"embeddable":true,"href":"https:\/\/fisica.net\/blog\/wp-json\/wp\/v2\/comments?post=2"}],"version-history":[{"count":4,"href":"https:\/\/fisica.net\/blog\/wp-json\/wp\/v2\/pages\/2\/revisions"}],"predecessor-version":[{"id":342,"href":"https:\/\/fisica.net\/blog\/wp-json\/wp\/v2\/pages\/2\/revisions\/342"}],"wp:attachment":[{"href":"https:\/\/fisica.net\/blog\/wp-json\/wp\/v2\/media?parent=2"}],"curies":[{"name":"wp","href":"https:\/\/api.w.org\/{rel}","templated":true}]}}