{"id":28,"date":"2020-11-01T11:18:10","date_gmt":"2020-11-01T11:18:10","guid":{"rendered":"https:\/\/fisica.net\/enem\/blog\/contato\/"},"modified":"2020-11-02T08:48:48","modified_gmt":"2020-11-02T11:48:48","slug":"contato","status":"publish","type":"page","link":"https:\/\/fisica.net\/enem\/blog\/contato\/","title":{"rendered":"Contato"},"content":{"rendered":"\n<h1 class=\"has-text-align-center wp-block-heading\">Entre em contato. Responderei \u00e0 sua mensagem.<\/h1>\n\n\n\n<div class=\"wp-block-columns is-layout-flex wp-container-core-columns-layout-1 wp-block-columns-is-layout-flex\">\n<div class=\"wp-block-column is-layout-flow wp-block-column-is-layout-flow\">\n<h5 class=\"has-text-align-center wp-block-heading\">Escrit\u00f3rio<\/h5>\n\n\n\n<p class=\"has-text-align-center\">Avenida Nil\u00f3polis, 56<br>Bairo Bela Vista<br>Porto Alegre,RS<br>Brasil<br>alberto@prasstek.com<\/p>\n<\/div>\n\n\n\n<div class=\"wp-block-column is-layout-flow wp-block-column-is-layout-flow\">\n<h5 class=\"has-text-align-center wp-block-heading\">Disponibilidade<\/h5>\n\n\n\n<p class=\"has-text-align-center\">Segunda a sexta: 14h \u00e0s 23h<br>S\u00e1bado: 14h \u00e0s 23h<br>Domingo: 14h \u00e0s 23h<\/p>\n<\/div>\n<\/div>\n\n\n\n\t\t<div class=\"coblocks-form\" id=\"2db4ce023f012370966be196b3838a32261c2f85\">\n\n\t\t\t\n\t\t\t<form action=\"https:\/\/fisica.net\/enem\/blog\/contato\/#2db4ce023f012370966be196b3838a32261c2f85\" method=\"post\">\n\t\t\t\t\n<label class=\"coblocks-label\">Name<\/label>\n\t\t<input type=\"hidden\" name=\"field-name[label]\" value=\"Name\">\n\n\t\t\t\t<input type=\"hidden\" id=\"name-field-id\" name=\"name-field-id\" class=\"coblocks-name-field-id\" value=\"field-name\" \/>\n\t\t\n\t\t<input type=\"text\" id=\"name\" name=\"field-name[value]\" class=\"coblocks-field coblocks-field--name\"  \/>\n\n\t\t\n\n<label class=\"coblocks-label\">Email <span class=\"required\">&#042;<\/span><\/label>\n\t\t<input type=\"hidden\" name=\"field-email[label]\" value=\"Email\">\n\n\t\t\n\t\t<input type=\"hidden\" id=\"email-field-id\" name=\"email-field-id\" class=\"coblocks-email-field-id\" value=\"field-email\" \/>\n\t\t<input type=\"email\" id=\"email\" aria-label=\"Email\" name=\"field-email[value]\" class=\"coblocks-field coblocks-field--email\" required \/>\n\n\t\t\n\n<label class=\"coblocks-label\">Message <span class=\"required\">&#042;<\/span><\/label>\n\t\t<input type=\"hidden\" name=\"field-message[label]\" value=\"Message\">\n\n\t\t\n\t\t<textarea name=\"field-message[value]\" aria-label=\"Message\" id=\"message\" class=\"coblocks-field coblocks-textarea\" rows=\"20\" required><\/textarea>\n\n\t\t\n\n\n\t\t<div class=\"coblocks-form__submit wp-block-button\">\n\t\t\t<button type=\"submit\" class=\"wp-block-button__link\" style=\"\">Entre em contato<\/button>\n\t\t\t<input type=\"hidden\" id=\"form-submit\" name=\"form-submit\" value=\"7fd8e2ebe0\" \/><input type=\"hidden\" name=\"_wp_http_referer\" value=\"\/enem\/blog\/wp-json\/wp\/v2\/pages\/28\" \/>\t\t\t<input type=\"hidden\" name=\"action\" value=\"coblocks-form-submit\">\n\n\t\t\t\t\t<\/div>\n\n\t\t\n\t\t\t\t<input class=\"coblocks-field verify\" aria-label=\"Enter your email address to verify\" type=\"email\" name=\"coblocks-verify-email\" autocomplete=\"off\" placeholder=\"E-mail\" tabindex=\"-1\">\n\t\t\t\t<input type=\"hidden\" name=\"form-hash\" value=\"2db4ce023f012370966be196b3838a32261c2f85\">\n\n\t\t\t\t\t\t\t<\/form>\n\n\t\t<\/div>\n\n\t\t\n\n\n<figure class=\"wp-block-gallery alignfull columns-2 is-cropped wp-block-gallery-1 is-layout-flex wp-block-gallery-is-layout-flex\"><ul class=\"blocks-gallery-grid\"><li class=\"blocks-gallery-item\"><figure><img loading=\"lazy\" decoding=\"async\" width=\"800\" height=\"600\" src=\"https:\/\/fisica.net\/enem\/blog\/wp-content\/uploads\/2020\/11\/contact-image-1.jpg\" alt=\"Descri\u00e7\u00e3o da imagem\" data-id=\"13\" data-full-url=\"https:\/\/fisica.net\/enem\/blog\/wp-content\/uploads\/2020\/11\/contact-image-1.jpg\" data-link=\"https:\/\/fisica.net\/enem\/blog\/contact-image-1\/\" class=\"wp-image-13\" srcset=\"https:\/\/fisica.net\/enem\/blog\/wp-content\/uploads\/2020\/11\/contact-image-1.jpg 800w, https:\/\/fisica.net\/enem\/blog\/wp-content\/uploads\/2020\/11\/contact-image-1-300x225.jpg 300w, https:\/\/fisica.net\/enem\/blog\/wp-content\/uploads\/2020\/11\/contact-image-1-768x576.jpg 768w\" sizes=\"(max-width: 800px) 100vw, 800px\" \/><\/figure><\/li><li class=\"blocks-gallery-item\"><figure><img loading=\"lazy\" decoding=\"async\" width=\"1240\" height=\"760\" src=\"https:\/\/fisica.net\/enem\/blog\/wp-content\/uploads\/2020\/11\/contact-image-2.jpg\" alt=\"Descri\u00e7\u00e3o da imagem\" data-id=\"14\" data-full-url=\"https:\/\/fisica.net\/enem\/blog\/wp-content\/uploads\/2020\/11\/contact-image-2.jpg\" data-link=\"https:\/\/fisica.net\/enem\/blog\/contact-image-2\/\" class=\"wp-image-14\" srcset=\"https:\/\/fisica.net\/enem\/blog\/wp-content\/uploads\/2020\/11\/contact-image-2.jpg 1240w, https:\/\/fisica.net\/enem\/blog\/wp-content\/uploads\/2020\/11\/contact-image-2-300x184.jpg 300w, https:\/\/fisica.net\/enem\/blog\/wp-content\/uploads\/2020\/11\/contact-image-2-1024x628.jpg 1024w, https:\/\/fisica.net\/enem\/blog\/wp-content\/uploads\/2020\/11\/contact-image-2-768x471.jpg 768w, https:\/\/fisica.net\/enem\/blog\/wp-content\/uploads\/2020\/11\/contact-image-2-1200x735.jpg 1200w\" sizes=\"(max-width: 1240px) 100vw, 1240px\" \/><\/figure><\/li><\/ul><\/figure>\n","protected":false},"excerpt":{"rendered":"<p>Entre em contato. Responderei \u00e0 sua mensagem. Escrit\u00f3rio Avenida Nil\u00f3polis, 56Bairo Bela VistaPorto Alegre,RSBrasilalberto@prasstek.com Disponibilidade<\/p>\n","protected":false},"author":1,"featured_media":0,"parent":0,"menu_order":0,"comment_status":"closed","ping_status":"closed","template":"","meta":{"_coblocks_attr":"","_coblocks_dimensions":"","_coblocks_responsive_height":"","_coblocks_accordion_ie_support":"","footnotes":""},"yoast_head":"<!-- This site is optimized with the Yoast SEO plugin v16.4 - https:\/\/yoast.com\/wordpress\/plugins\/seo\/ -->\n<title>Contato - F&iacute;sica no ENEM<\/title>\n<meta name=\"robots\" content=\"index, follow, max-snippet:-1, max-image-preview:large, max-video-preview:-1\" \/>\n<link rel=\"canonical\" href=\"https:\/\/fisica.net\/enem\/blog\/contato\/\" \/>\n<meta property=\"og:locale\" content=\"pt_BR\" \/>\n<meta property=\"og:type\" content=\"article\" \/>\n<meta property=\"og:title\" content=\"Contato - F&iacute;sica no ENEM\" \/>\n<meta property=\"og:description\" content=\"Entre em contato. Responderei \u00e0 sua mensagem. Escrit\u00f3rio Avenida Nil\u00f3polis, 56Bairo Bela VistaPorto Alegre,RSBrasilalberto@prasstek.com Disponibilidade\" \/>\n<meta property=\"og:url\" content=\"https:\/\/fisica.net\/enem\/blog\/contato\/\" \/>\n<meta property=\"og:site_name\" content=\"F&iacute;sica no ENEM\" \/>\n<meta property=\"article:modified_time\" content=\"2020-11-02T11:48:48+00:00\" \/>\n<meta property=\"og:image\" content=\"https:\/\/fisica.net\/enem\/blog\/wp-content\/uploads\/2020\/11\/contact-image-1.jpg\" \/>\n<meta name=\"twitter:card\" content=\"summary_large_image\" \/>\n<script type=\"application\/ld+json\" class=\"yoast-schema-graph\">{\"@context\":\"https:\/\/schema.org\",\"@graph\":[{\"@type\":\"WebSite\",\"@id\":\"https:\/\/fisica.net\/enem\/blog\/#website\",\"url\":\"https:\/\/fisica.net\/enem\/blog\/\",\"name\":\"F&iacute;sica no ENEM\",\"description\":\"Prof. Alberto Ricardo Prass\",\"potentialAction\":[{\"@type\":\"SearchAction\",\"target\":\"https:\/\/fisica.net\/enem\/blog\/?s={search_term_string}\",\"query-input\":\"required name=search_term_string\"}],\"inLanguage\":\"pt-BR\"},{\"@type\":\"ImageObject\",\"@id\":\"https:\/\/fisica.net\/enem\/blog\/contato\/#primaryimage\",\"inLanguage\":\"pt-BR\",\"url\":\"https:\/\/fisica.net\/enem\/blog\/wp-content\/uploads\/2020\/11\/contact-image-1.jpg\",\"contentUrl\":\"https:\/\/fisica.net\/enem\/blog\/wp-content\/uploads\/2020\/11\/contact-image-1.jpg\"},{\"@type\":\"WebPage\",\"@id\":\"https:\/\/fisica.net\/enem\/blog\/contato\/#webpage\",\"url\":\"https:\/\/fisica.net\/enem\/blog\/contato\/\",\"name\":\"Contato - F&iacute;sica no ENEM\",\"isPartOf\":{\"@id\":\"https:\/\/fisica.net\/enem\/blog\/#website\"},\"primaryImageOfPage\":{\"@id\":\"https:\/\/fisica.net\/enem\/blog\/contato\/#primaryimage\"},\"datePublished\":\"2020-11-01T11:18:10+00:00\",\"dateModified\":\"2020-11-02T11:48:48+00:00\",\"breadcrumb\":{\"@id\":\"https:\/\/fisica.net\/enem\/blog\/contato\/#breadcrumb\"},\"inLanguage\":\"pt-BR\",\"potentialAction\":[{\"@type\":\"ReadAction\",\"target\":[\"https:\/\/fisica.net\/enem\/blog\/contato\/\"]}]},{\"@type\":\"BreadcrumbList\",\"@id\":\"https:\/\/fisica.net\/enem\/blog\/contato\/#breadcrumb\",\"itemListElement\":[{\"@type\":\"ListItem\",\"position\":1,\"item\":{\"@type\":\"WebPage\",\"@id\":\"https:\/\/fisica.net\/enem\/blog\/\",\"url\":\"https:\/\/fisica.net\/enem\/blog\/\",\"name\":\"In\\u00edcio\"}},{\"@type\":\"ListItem\",\"position\":2,\"item\":{\"@id\":\"https:\/\/fisica.net\/enem\/blog\/contato\/#webpage\"}}]}]}<\/script>\n<!-- \/ Yoast SEO plugin. -->","_links":{"self":[{"href":"https:\/\/fisica.net\/enem\/blog\/wp-json\/wp\/v2\/pages\/28"}],"collection":[{"href":"https:\/\/fisica.net\/enem\/blog\/wp-json\/wp\/v2\/pages"}],"about":[{"href":"https:\/\/fisica.net\/enem\/blog\/wp-json\/wp\/v2\/types\/page"}],"author":[{"embeddable":true,"href":"https:\/\/fisica.net\/enem\/blog\/wp-json\/wp\/v2\/users\/1"}],"replies":[{"embeddable":true,"href":"https:\/\/\/fisica.net\/enem\/blog\/wp-json\/wp\/v2\/comments?post=28"}],"version-history":[{"count":3,"href":"https:\/\/fisica.net\/enem\/blog\/wp-json\/wp\/v2\/pages\/28\/revisions"}],"predecessor-version":[{"id":57,"href":"https:\/\/fisica.net\/enem\/blog\/wp-json\/wp\/v2\/pages\/28\/revisions\/57"}],"wp:attachment":[{"href":"https:\/\/\/fisica.net\/enem\/blog\/wp-json\/wp\/v2\/media?parent=28"}],"curies":[{"name":"wp","href":"https:\/\/api.w.org\/{rel}","templated":true}]}}