{"id":58,"date":"2021-05-13T20:00:01","date_gmt":"2021-05-13T20:00:01","guid":{"rendered":"https:\/\/fisica.net\/realnews\/?page_id=58"},"modified":"2025-01-11T12:25:17","modified_gmt":"2025-01-11T12:25:17","slug":"real-news-x-fake-news","status":"publish","type":"page","link":"https:\/\/fisica.net\/realnews\/real-news-x-fake-news\/","title":{"rendered":"REAL NEWS x FAKE NEWS"},"content":{"rendered":"\n<p>Not\u00edcias falsas geralmente s\u00e3o aquelas lan\u00e7adas para desviar as pessoas da verdade; para criar a impress\u00e3o incorreta de algo e para atrair leitores e espectadores. O oposto de uma not\u00edcia falsa seria a verdade, que poderia ser chamada de &#8220;not\u00edcia aut\u00eantica&#8221; ou &#8220;not\u00edcia real&#8221;. Voc\u00ea tamb\u00e9m pode cham\u00e1-lo de &#8220;not\u00edcias factuais&#8221; ou &#8220;not\u00edcias \/ informa\u00e7\u00f5es \/ dados confi\u00e1veis&#8221;.<\/p>\n\n\n\n<p>Fake news is usually the news that is released to distract people from the truth; to create the incorrect impression of something and to attract readers and viewers. The opposite of fake news would be the truth, which could be called &#8220;authentic news&#8221; or &#8220;real news&#8221;, as you said. You could also call it &#8220;factual news&#8221; or &#8220;reliable news\/information\/data&#8221;.<\/p>\n","protected":false},"excerpt":{"rendered":"<p>Not\u00edcias falsas geralmente s\u00e3o aquelas lan\u00e7adas para desviar as pessoas da verdade; para criar a<\/p>\n","protected":false},"author":1,"featured_media":214,"parent":0,"menu_order":0,"comment_status":"closed","ping_status":"closed","template":"","meta":{"footnotes":""},"class_list":["post-58","page","type-page","status-publish","has-post-thumbnail","hentry"],"yoast_head":"<!-- This site is optimized with the Yoast SEO plugin v24.3 - https:\/\/yoast.com\/wordpress\/plugins\/seo\/ -->\n<title>REAL NEWS x FAKE NEWS - REAL NEWS - O Ant&iacute;doto &agrave;s Fake News<\/title>\n<meta name=\"description\" content=\"Qual a diferen\u00e7a entre FAKE NEWS e REAL NEWS?\" \/>\n<meta name=\"robots\" content=\"index, follow, max-snippet:-1, max-image-preview:large, max-video-preview:-1\" \/>\n<link rel=\"canonical\" href=\"https:\/\/fisica.net\/realnews\/real-news-x-fake-news\/\" \/>\n<meta property=\"og:locale\" content=\"pt_BR\" \/>\n<meta property=\"og:type\" content=\"article\" \/>\n<meta property=\"og:title\" content=\"REAL NEWS x FAKE NEWS - REAL NEWS - O Ant&iacute;doto &agrave;s Fake News\" \/>\n<meta property=\"og:description\" content=\"Qual a diferen\u00e7a entre FAKE NEWS e REAL NEWS?\" \/>\n<meta property=\"og:url\" content=\"https:\/\/fisica.net\/realnews\/real-news-x-fake-news\/\" \/>\n<meta property=\"og:site_name\" content=\"REAL NEWS - O Ant&iacute;doto &agrave;s Fake News\" \/>\n<meta property=\"article:modified_time\" content=\"2025-01-11T12:25:17+00:00\" \/>\n<meta property=\"og:image\" content=\"https:\/\/fisica.net\/realnews\/wp-content\/uploads\/2025\/01\/Facebook-FisicaNET.fw_.png\" \/>\n\t<meta property=\"og:image:width\" content=\"1200\" \/>\n\t<meta property=\"og:image:height\" content=\"626\" \/>\n\t<meta property=\"og:image:type\" content=\"image\/png\" \/>\n<meta name=\"twitter:card\" content=\"summary_large_image\" \/>\n<meta name=\"twitter:label1\" content=\"Est. tempo de leitura\" \/>\n\t<meta name=\"twitter:data1\" content=\"1 minuto\" \/>\n<script type=\"application\/ld+json\" class=\"yoast-schema-graph\">{\"@context\":\"https:\/\/schema.org\",\"@graph\":[{\"@type\":\"WebPage\",\"@id\":\"https:\/\/fisica.net\/realnews\/real-news-x-fake-news\/\",\"url\":\"https:\/\/fisica.net\/realnews\/real-news-x-fake-news\/\",\"name\":\"REAL NEWS x FAKE NEWS - REAL NEWS - O Ant&iacute;doto &agrave;s Fake News\",\"isPartOf\":{\"@id\":\"https:\/\/fisica.net\/realnews\/#website\"},\"primaryImageOfPage\":{\"@id\":\"https:\/\/fisica.net\/realnews\/real-news-x-fake-news\/#primaryimage\"},\"image\":{\"@id\":\"https:\/\/fisica.net\/realnews\/real-news-x-fake-news\/#primaryimage\"},\"thumbnailUrl\":\"https:\/\/fisica.net\/realnews\/wp-content\/uploads\/2025\/01\/Facebook-FisicaNET.fw_.png\",\"datePublished\":\"2021-05-13T20:00:01+00:00\",\"dateModified\":\"2025-01-11T12:25:17+00:00\",\"description\":\"Qual a diferen\u00e7a entre FAKE NEWS e REAL NEWS?\",\"breadcrumb\":{\"@id\":\"https:\/\/fisica.net\/realnews\/real-news-x-fake-news\/#breadcrumb\"},\"inLanguage\":\"pt-BR\",\"potentialAction\":[{\"@type\":\"ReadAction\",\"target\":[\"https:\/\/fisica.net\/realnews\/real-news-x-fake-news\/\"]}]},{\"@type\":\"ImageObject\",\"inLanguage\":\"pt-BR\",\"@id\":\"https:\/\/fisica.net\/realnews\/real-news-x-fake-news\/#primaryimage\",\"url\":\"https:\/\/fisica.net\/realnews\/wp-content\/uploads\/2025\/01\/Facebook-FisicaNET.fw_.png\",\"contentUrl\":\"https:\/\/fisica.net\/realnews\/wp-content\/uploads\/2025\/01\/Facebook-FisicaNET.fw_.png\",\"width\":1200,\"height\":626,\"caption\":\"REAL NEWS\"},{\"@type\":\"BreadcrumbList\",\"@id\":\"https:\/\/fisica.net\/realnews\/real-news-x-fake-news\/#breadcrumb\",\"itemListElement\":[{\"@type\":\"ListItem\",\"position\":1,\"name\":\"In\u00edcio\",\"item\":\"https:\/\/fisica.net\/realnews\/\"},{\"@type\":\"ListItem\",\"position\":2,\"name\":\"REAL NEWS x FAKE NEWS\"}]},{\"@type\":\"WebSite\",\"@id\":\"https:\/\/fisica.net\/realnews\/#website\",\"url\":\"https:\/\/fisica.net\/realnews\/\",\"name\":\"Real News of Science\",\"description\":\"REAL NEWS - O antidoto &agrave;s Fake News sobre Ci&ecirc;ncia. Informa&ccedil;&otilde;es precisas e verificadas para voc&ecirc;.\",\"publisher\":{\"@id\":\"https:\/\/fisica.net\/realnews\/#\/schema\/person\/a7b1939fa0d6cdd1e8dd0cf97619220f\"},\"potentialAction\":[{\"@type\":\"SearchAction\",\"target\":{\"@type\":\"EntryPoint\",\"urlTemplate\":\"https:\/\/fisica.net\/realnews\/?s={search_term_string}\"},\"query-input\":{\"@type\":\"PropertyValueSpecification\",\"valueRequired\":true,\"valueName\":\"search_term_string\"}}],\"inLanguage\":\"pt-BR\"},{\"@type\":[\"Person\",\"Organization\"],\"@id\":\"https:\/\/fisica.net\/realnews\/#\/schema\/person\/a7b1939fa0d6cdd1e8dd0cf97619220f\",\"name\":\"Prof. Alberto\",\"image\":{\"@type\":\"ImageObject\",\"inLanguage\":\"pt-BR\",\"@id\":\"https:\/\/fisica.net\/realnews\/#\/schema\/person\/image\/\",\"url\":\"https:\/\/fisica.net\/realnews\/wp-content\/uploads\/2025\/01\/Logo-Real-News.fw_.png\",\"contentUrl\":\"https:\/\/fisica.net\/realnews\/wp-content\/uploads\/2025\/01\/Logo-Real-News.fw_.png\",\"width\":498,\"height\":75,\"caption\":\"Prof. Alberto\"},\"logo\":{\"@id\":\"https:\/\/fisica.net\/realnews\/#\/schema\/person\/image\/\"},\"sameAs\":[\"https:\/\/fisica.net\/realnews\"]}]}<\/script>\n<!-- \/ Yoast SEO plugin. -->","yoast_head_json":{"title":"REAL NEWS x FAKE NEWS - REAL NEWS - O Ant&iacute;doto &agrave;s Fake News","description":"Qual a diferen\u00e7a entre FAKE NEWS e REAL NEWS?","robots":{"index":"index","follow":"follow","max-snippet":"max-snippet:-1","max-image-preview":"max-image-preview:large","max-video-preview":"max-video-preview:-1"},"canonical":"https:\/\/fisica.net\/realnews\/real-news-x-fake-news\/","og_locale":"pt_BR","og_type":"article","og_title":"REAL NEWS x FAKE NEWS - REAL NEWS - O Ant&iacute;doto &agrave;s Fake News","og_description":"Qual a diferen\u00e7a entre FAKE NEWS e REAL NEWS?","og_url":"https:\/\/fisica.net\/realnews\/real-news-x-fake-news\/","og_site_name":"REAL NEWS - O Ant&iacute;doto &agrave;s Fake News","article_modified_time":"2025-01-11T12:25:17+00:00","og_image":[{"width":1200,"height":626,"url":"https:\/\/fisica.net\/realnews\/wp-content\/uploads\/2025\/01\/Facebook-FisicaNET.fw_.png","type":"image\/png"}],"twitter_card":"summary_large_image","twitter_misc":{"Est. tempo de leitura":"1 minuto"},"schema":{"@context":"https:\/\/schema.org","@graph":[{"@type":"WebPage","@id":"https:\/\/fisica.net\/realnews\/real-news-x-fake-news\/","url":"https:\/\/fisica.net\/realnews\/real-news-x-fake-news\/","name":"REAL NEWS x FAKE NEWS - REAL NEWS - O Ant&iacute;doto &agrave;s Fake News","isPartOf":{"@id":"https:\/\/fisica.net\/realnews\/#website"},"primaryImageOfPage":{"@id":"https:\/\/fisica.net\/realnews\/real-news-x-fake-news\/#primaryimage"},"image":{"@id":"https:\/\/fisica.net\/realnews\/real-news-x-fake-news\/#primaryimage"},"thumbnailUrl":"https:\/\/fisica.net\/realnews\/wp-content\/uploads\/2025\/01\/Facebook-FisicaNET.fw_.png","datePublished":"2021-05-13T20:00:01+00:00","dateModified":"2025-01-11T12:25:17+00:00","description":"Qual a diferen\u00e7a entre FAKE NEWS e REAL NEWS?","breadcrumb":{"@id":"https:\/\/fisica.net\/realnews\/real-news-x-fake-news\/#breadcrumb"},"inLanguage":"pt-BR","potentialAction":[{"@type":"ReadAction","target":["https:\/\/fisica.net\/realnews\/real-news-x-fake-news\/"]}]},{"@type":"ImageObject","inLanguage":"pt-BR","@id":"https:\/\/fisica.net\/realnews\/real-news-x-fake-news\/#primaryimage","url":"https:\/\/fisica.net\/realnews\/wp-content\/uploads\/2025\/01\/Facebook-FisicaNET.fw_.png","contentUrl":"https:\/\/fisica.net\/realnews\/wp-content\/uploads\/2025\/01\/Facebook-FisicaNET.fw_.png","width":1200,"height":626,"caption":"REAL NEWS"},{"@type":"BreadcrumbList","@id":"https:\/\/fisica.net\/realnews\/real-news-x-fake-news\/#breadcrumb","itemListElement":[{"@type":"ListItem","position":1,"name":"In\u00edcio","item":"https:\/\/fisica.net\/realnews\/"},{"@type":"ListItem","position":2,"name":"REAL NEWS x FAKE NEWS"}]},{"@type":"WebSite","@id":"https:\/\/fisica.net\/realnews\/#website","url":"https:\/\/fisica.net\/realnews\/","name":"Real News of Science","description":"REAL NEWS - O antidoto &agrave;s Fake News sobre Ci&ecirc;ncia. Informa&ccedil;&otilde;es precisas e verificadas para voc&ecirc;.","publisher":{"@id":"https:\/\/fisica.net\/realnews\/#\/schema\/person\/a7b1939fa0d6cdd1e8dd0cf97619220f"},"potentialAction":[{"@type":"SearchAction","target":{"@type":"EntryPoint","urlTemplate":"https:\/\/fisica.net\/realnews\/?s={search_term_string}"},"query-input":{"@type":"PropertyValueSpecification","valueRequired":true,"valueName":"search_term_string"}}],"inLanguage":"pt-BR"},{"@type":["Person","Organization"],"@id":"https:\/\/fisica.net\/realnews\/#\/schema\/person\/a7b1939fa0d6cdd1e8dd0cf97619220f","name":"Prof. Alberto","image":{"@type":"ImageObject","inLanguage":"pt-BR","@id":"https:\/\/fisica.net\/realnews\/#\/schema\/person\/image\/","url":"https:\/\/fisica.net\/realnews\/wp-content\/uploads\/2025\/01\/Logo-Real-News.fw_.png","contentUrl":"https:\/\/fisica.net\/realnews\/wp-content\/uploads\/2025\/01\/Logo-Real-News.fw_.png","width":498,"height":75,"caption":"Prof. Alberto"},"logo":{"@id":"https:\/\/fisica.net\/realnews\/#\/schema\/person\/image\/"},"sameAs":["https:\/\/fisica.net\/realnews"]}]}},"_links":{"self":[{"href":"https:\/\/fisica.net\/realnews\/wp-json\/wp\/v2\/pages\/58","targetHints":{"allow":["GET"]}}],"collection":[{"href":"https:\/\/fisica.net\/realnews\/wp-json\/wp\/v2\/pages"}],"about":[{"href":"https:\/\/fisica.net\/realnews\/wp-json\/wp\/v2\/types\/page"}],"author":[{"embeddable":true,"href":"https:\/\/fisica.net\/realnews\/wp-json\/wp\/v2\/users\/1"}],"replies":[{"embeddable":true,"href":"https:\/\/fisica.net\/realnews\/wp-json\/wp\/v2\/comments?post=58"}],"version-history":[{"count":2,"href":"https:\/\/fisica.net\/realnews\/wp-json\/wp\/v2\/pages\/58\/revisions"}],"predecessor-version":[{"id":204,"href":"https:\/\/fisica.net\/realnews\/wp-json\/wp\/v2\/pages\/58\/revisions\/204"}],"wp:featuredmedia":[{"embeddable":true,"href":"https:\/\/fisica.net\/realnews\/wp-json\/wp\/v2\/media\/214"}],"wp:attachment":[{"href":"https:\/\/fisica.net\/realnews\/wp-json\/wp\/v2\/media?parent=58"}],"curies":[{"name":"wp","href":"https:\/\/api.w.org\/{rel}","templated":true}]}}